{"id":3999,"date":"2023-05-12T10:47:33","date_gmt":"2023-05-12T08:47:33","guid":{"rendered":"https:\/\/www.micromedia.eu\/benelux\/retouren-copy\/"},"modified":"2026-03-27T11:39:25","modified_gmt":"2026-03-27T10:39:25","slug":"retours-fr","status":"publish","type":"page","link":"https:\/\/www.micromedia.eu\/benelux\/retours-fr\/","title":{"rendered":"Retours et r\u00e9parations"},"content":{"rendered":"<div class=\"wpb-content-wrapper\"><p>[vc_row][vc_column][vc_raw_html]JTNDYSUyMGhyZWYlM0QlMjJodHRwcyUzQSUyRiUyRnd3dy5taWNyb21lZGlhLmV1JTJGYmVuZWx1eCUyRnJldG91cmVuJTJGJTIyJTNFJTNDaW1nJTIwc3R5bGUlM0QlMjJkaXNwbGF5JTNBJTIwaW5saW5lLWJsb2NrJTNCJTIyJTIwc3JjJTNEJTIyaHR0cHMlM0ElMkYlMkZ3d3cubWljcm9tZWRpYS5ldSUyRmJlbmVsdXglMkZ3cC1jb250ZW50JTJGcGx1Z2lucyUyRnNpdGVwcmVzcy1tdWx0aWxpbmd1YWwtY21zJTJGcmVzJTJGZmxhZ3MlMkZubC5wbmclMjIlMjBhbHQlM0QlMjJOTCUyMiUyMCUyRiUzRSUzQyUyRmElM0UlMEElM0NhJTIwaHJlZiUzRCUyMmh0dHBzJTNBJTJGJTJGd3d3Lm1pY3JvbWVkaWEuZXUlMkZiZW5lbHV4JTJGZW4lMkZyZXR1cm5zJTJGJTIyJTNFJTNDaW1nJTIwc3R5bGUlM0QlMjJkaXNwbGF5JTNBJTIwaW5saW5lLWJsb2NrJTNCJTIyJTIwc3JjJTNEJTIyaHR0cHMlM0ElMkYlMkZ3d3cubWljcm9tZWRpYS5ldSUyRmJlbmVsdXglMkZ3cC1jb250ZW50JTJGcGx1Z2lucyUyRnNpdGVwcmVzcy1tdWx0aWxpbmd1YWwtY21zJTJGcmVzJTJGZmxhZ3MlMkZlbi5wbmclMjIlMjBhbHQlM0QlMjJFTiUyMiUyMCUyRiUzRSUzQyUyRmElM0UlMEElM0NhJTIwaHJlZiUzRCUyMmh0dHBzJTNBJTJGJTJGd3d3Lm1pY3JvbWVkaWEuZXUlMkZiZW5lbHV4JTJGcmV0b3Vycy1mciUyRiUyMiUzRSUzQ2ltZyUyMHN0eWxlJTNEJTIyZGlzcGxheSUzQSUyMGlubGluZS1ibG9jayUzQiUyMiUyMHNyYyUzRCUyMmh0dHBzJTNBJTJGJTJGd3d3Lm1pY3JvbWVkaWEuZXUlMkZiZW5lbHV4JTJGd3AtY29udGVudCUyRnBsdWdpbnMlMkZzaXRlcHJlc3MtbXVsdGlsaW5ndWFsLWNtcyUyRnJlcyUyRmZsYWdzJTJGZnIucG5nJTIyJTIwYWx0JTNEJTIyRlIlMjIlMjAlMkYlM0UlM0MlMkZhJTNF[\/vc_raw_html][\/vc_column][\/vc_row][vc_row][vc_column][vc_column_text css=&#8221;&#8221;]<strong>Demandes de retour<\/strong><\/p>\n<p>Les demandes de retour peuvent \u00eatre demand\u00e9es ind\u00e9pendamment de nous via notre formulaire RMA. Cela n&#8217;inclut pas les demandes de r\u00e9paration.<\/p>\n<p>Pour plus d&#8217;informations sur les demandes de retour, veuillez consulter nos Guides d&#8217;Assistance et RMA. Vous les trouverez dans <a href=\"https:\/\/online.micromedia.eu\/\">Micromedia Online<\/a>, sous la rubrique\u00a0&#8220;Support documenten&#8221; ou &#8220;Support documents\u201d. Veuillez noter qu&#8217;il vous sera d&#8217;abord demand\u00e9 de vous connecter.<\/p>\n<p>Le tableau ci-dessous explique les motifs de retour tels qu&#8217;ils figurent dans le formulaire RMA.<\/p>\n<div class=\"wpdt-c row wpDataTableContainerSimpleTable wpDataTables wpDataTablesWrapper\n\"\n    >\n        <table id=\"wpdtSimpleTable-8\"\n           style=\"border-collapse:collapse;\n                   border-spacing:0px;\"\n           class=\"wpdtSimpleTable wpDataTable\"\n           data-column=\"2\"\n           data-rows=\"8\"\n           data-wpID=\"8\"\n           data-responsive=\"0\"\n           data-has-header=\"1\">\n\n                    <thead>        <tr class=\"wpdt-cell-row \" >\n                                <th class=\"wpdt-cell wpdt-bold wpdt-align-left wpdt-bc-EAE7E7\"\n                                            data-cell-id=\"A1\"\n                    data-col-index=\"0\"\n                    data-row-index=\"0\"\n                    style=\" width:29.625550660793%;                    padding:10px;\n                    \"\n                    >\n                                        Motif du retour                    <\/th>\n                                                <th class=\"wpdt-cell wpdt-bold wpdt-align-left wpdt-bc-EAE7E7\"\n                                            data-cell-id=\"B1\"\n                    data-col-index=\"1\"\n                    data-row-index=\"0\"\n                    style=\" width:70.374449339207%;                    padding:10px;\n                    \"\n                    >\n                                        Commentaires                    <\/th>\n                                        <\/tr>\n                    <tbody>        <tr class=\"wpdt-cell-row \" >\n                                <td class=\"wpdt-cell wpdt-align-left\"\n                                            data-cell-id=\"A2\"\n                    data-col-index=\"0\"\n                    data-row-index=\"1\"\n                    style=\"                    padding:10px;\n                    \"\n                    >\n                                        Non command\u00e9                    <\/td>\n                                                <td class=\"wpdt-cell wpdt-align-left\"\n                                            data-cell-id=\"B2\"\n                    data-col-index=\"1\"\n                    data-row-index=\"1\"\n                    style=\"                    padding:10px;\n                    \"\n                    >\n                                        Pas command\u00e9 mais re\u00e7u par vous.                    <\/td>\n                                        <\/tr>\n                            <tr class=\"wpdt-cell-row \" >\n                                <td class=\"wpdt-cell wpdt-align-left\"\n                                            data-cell-id=\"A3\"\n                    data-col-index=\"0\"\n                    data-row-index=\"2\"\n                    style=\"                    padding:10px;\n                    \"\n                    >\n                                        Mauvais produit livr\u00e9                    <\/td>\n                                                <td class=\"wpdt-cell wpdt-align-left\"\n                                            data-cell-id=\"B3\"\n                    data-col-index=\"1\"\n                    data-row-index=\"2\"\n                    style=\"                    padding:10px;\n                    \"\n                    >\n                                        Le produit que vous avez re\u00e7u n'est pas celui que vous avez command\u00e9.                    <\/td>\n                                        <\/tr>\n                            <tr class=\"wpdt-cell-row \" >\n                                <td class=\"wpdt-cell wpdt-align-left\"\n                                            data-cell-id=\"A4\"\n                    data-col-index=\"0\"\n                    data-row-index=\"3\"\n                    style=\"                    padding:10px;\n                    \"\n                    >\n                                        \u00c9change de version                    <\/td>\n                                                <td class=\"wpdt-cell wpdt-align-left\"\n                                            data-cell-id=\"B4\"\n                    data-col-index=\"1\"\n                    data-row-index=\"3\"\n                    style=\"                    padding:10px;\n                    \"\n                    >\n                                        La version actuelle du produit sera remplac\u00e9e par une nouvelle version par la marque.                    <\/td>\n                                        <\/tr>\n                            <tr class=\"wpdt-cell-row \" >\n                                <td class=\"wpdt-cell wpdt-align-left\"\n                                            data-cell-id=\"A5\"\n                    data-col-index=\"0\"\n                    data-row-index=\"4\"\n                    style=\"                    padding:10px;\n                    \"\n                    >\n                                        Produit incomplet                    <\/td>\n                                                <td class=\"wpdt-cell wpdt-align-left\"\n                                            data-cell-id=\"B5\"\n                    data-col-index=\"1\"\n                    data-row-index=\"4\"\n                    style=\"                    padding:10px;\n                    \"\n                    >\n                                        Il manque au produit une pi\u00e8ce ou un accessoire qui devrait \u00eatre inclus.                    <\/td>\n                                        <\/tr>\n                            <tr class=\"wpdt-cell-row \" >\n                                <td class=\"wpdt-cell wpdt-align-left\"\n                                            data-cell-id=\"A6\"\n                    data-col-index=\"0\"\n                    data-row-index=\"5\"\n                    style=\"                    padding:10px;\n                    \"\n                    >\n                                        Rappel de la marque                    <\/td>\n                                                <td class=\"wpdt-cell wpdt-align-left\"\n                                            data-cell-id=\"B6\"\n                    data-col-index=\"1\"\n                    data-row-index=\"5\"\n                    style=\"                    padding:10px;\n                    \"\n                    >\n                                        La marque a d\u00e9cid\u00e9 de rappeler le produit.                    <\/td>\n                                        <\/tr>\n                            <tr class=\"wpdt-cell-row \" >\n                                <td class=\"wpdt-cell wpdt-align-left\"\n                                            data-cell-id=\"A7\"\n                    data-col-index=\"0\"\n                    data-row-index=\"6\"\n                    style=\"                    padding:10px;\n                    \"\n                    >\n                                        Emballage endommag\u00e9                    <\/td>\n                                                <td class=\"wpdt-cell wpdt-align-left\"\n                                            data-cell-id=\"B7\"\n                    data-col-index=\"1\"\n                    data-row-index=\"6\"\n                    style=\"                    padding:10px;\n                    \"\n                    >\n                                        \u00c0 la r\u00e9ception, l'emballage semble endommag\u00e9.                    <\/td>\n                                        <\/tr>\n                            <tr class=\"wpdt-cell-row \" >\n                                <td class=\"wpdt-cell wpdt-align-left\"\n                                            data-cell-id=\"A8\"\n                    data-col-index=\"0\"\n                    data-row-index=\"7\"\n                    style=\"                    padding:10px;\n                    \"\n                    >\n                                        Produit d\u00e9fectueux                    <\/td>\n                                                <td class=\"wpdt-cell wpdt-align-left\"\n                                            data-cell-id=\"B8\"\n                    data-col-index=\"1\"\n                    data-row-index=\"7\"\n                    style=\"                    padding:10px;\n                    \"\n                    >\n                                        Le produit ne fonctionne pas. Ce d\u00e9faut ne doit pas avoir \u00e9t\u00e9 caus\u00e9 par l'utilisateur.                    <\/td>\n                                        <\/tr>\n                    <\/table>\n<\/div><style id='wpdt-custom-style-8'>\n.wpdt-bc-EAE7E7 { background-color: #EAE7E7 !important;}\n<\/style>\n[\/vc_column_text][vc_column_text]<strong>Demandes de r\u00e9paration<\/strong><\/p>\n<p>Vous pouvez voir quelles marques sont \u00e9ligibles au service de r\u00e9paration au bas de cette page. Les r\u00e9parations ne peuvent \u00eatre demand\u00e9es que pour les marques pour lesquelles Micromedia s&#8217;occupe de la r\u00e9paration. Si une marque n&#8217;est pas mentionn\u00e9e, il n&#8217;est pas possible de soumettre une demande de r\u00e9paration \u00e0 Micromedia. Un produit sous garantie sera g\u00e9n\u00e9ralement r\u00e9par\u00e9 gratuitement, mais cela ne garantit pas qu&#8217;une r\u00e9paration sous garantie sera toujours gratuite. Certaines marques acceptent les demandes de r\u00e9paration m\u00eame apr\u00e8s la fin de la garantie ; v\u00e9rifiez les conditions g\u00e9n\u00e9rales applicables.<\/p>\n<p>Les r\u00e9parations doivent \u00eatre demand\u00e9es individuellement via le &#8221; formulaire RMA &#8211; r\u00e9paration &#8220;. Si une r\u00e9paration n&#8217;est pas possible, un produit au moins \u00e9quivalent peut \u00eatre propos\u00e9 en remplacement, \u00e0 la discr\u00e9tion de la marque.[\/vc_column_text][vc_btn title=&#8221;T\u00e9l\u00e9charger Forme RMA&#8221; css=&#8221;.vc_custom_1772805859831{margin-right: 20px !important;}&#8221; link=&#8221;url:https%3A%2F%2Fwww.micromedia.eu%2Fbenelux%2Fwp-content%2Fuploads%2Fsites%2F9%2F2026%2F03%2FMicromedia-Support-RMA-FR.pdf&#8221;][vc_btn title=&#8221;Formulaire en ligne RMA et r\u00e9paration de Sony&#8221; link=&#8221;url:https%3A%2F%2Fportal.micromedia.eu%2Frmas%2Fnew&#8221;][vc_column_text]Pour t\u00e9l\u00e9charger les formulaires RMA dans une autre langue, s\u00e9lectionnez la langue souhait\u00e9e en haut de cette page.[\/vc_column_text][vc_tta_accordion c_icon=&#8221;chevron&#8221; active_section=&#8221;&#8221; collapsible_all=&#8221;true&#8221;][vc_tta_section title=&#8221;Demandes de r\u00e9paration Sony&#8221; tab_id=&#8221;1674569360123-3a29e686-622f&#8221;][vc_column_text css=&#8221;&#8221;]<strong>Aide pour compl\u00e9ter<\/strong><\/p>\n<p>Pour plus d&#8217;informations sur la mani\u00e8re de remplir les formulaires RMA, veuillez consulter <a href=\"https:\/\/www.micromedia.eu\/benelux\/wp-content\/uploads\/sites\/9\/2024\/02\/Aide-pour-completer-le-forme-RMA-regulier-DOA-FR-1.pdf\">Aide pour compl\u00e9ter le forme RMA<\/a> ou <a href=\"https:\/\/www.micromedia.eu\/benelux\/wp-content\/uploads\/sites\/9\/2024\/02\/Aide-pour-completer-le-forme-RMA-reparation-FR.pdf\">Aide pour compl\u00e9ter le forme RMA &#8211; Reparation<\/a>.<\/p>\n<p><strong>Frais de r\u00e9paration<\/strong><\/p>\n<p>Si un disque est coinc\u00e9 dans l&#8217;appareil, veuillez le signaler sur le formulaire RMA. Sony ne peut pas garantir que vous pourrez r\u00e9cup\u00e9rer le disque coinc\u00e9. La responsabilit\u00e9 de Micromedia est express\u00e9ment exclue dans ce cas.<\/p>\n<p><a href=\"https:\/\/www.micromedia.eu\/benelux\/wp-content\/uploads\/sites\/9\/2023\/07\/Traitement-des-defauts-de-Sony-Interactive-Entertainment-Benelux-SIE_FR.pdf\">Cliquez ici<\/a> pour plus d&#8217;informations sur la politique de retour des produits Sony PlayStation. Les frais peuvent varier d&#8217;un pays \u00e0 l&#8217;autre.[\/vc_column_text][\/vc_tta_section][\/vc_tta_accordion][\/vc_column][\/vc_row]<\/p>\n<\/div>","protected":false},"excerpt":{"rendered":"<p>[vc_row][vc_column][vc_raw_html]JTNDYSUyMGhyZWYlM0QlMjJodHRwcyUzQSUyRiUyRnd3dy5taWNyb21lZGlhLmV1JTJGYmVuZWx1eCUyRnJldG91cmVuJTJGJTIyJTNFJTNDaW1nJTIwc3R5bGUlM0QlMjJkaXNwbGF5JTNBJTIwaW5saW5lLWJsb2NrJTNCJTIyJTIwc3JjJTNEJTIyaHR0cHMlM0ElMkYlMkZ3d3cubWljcm9tZWRpYS5ldSUyRmJlbmVsdXglMkZ3cC1jb250ZW50JTJGcGx1Z2lucyUyRnNpdGVwcmVzcy1tdWx0aWxpbmd1YWwtY21zJTJGcmVzJTJGZmxhZ3MlMkZubC5wbmclMjIlMjBhbHQlM0QlMjJOTCUyMiUyMCUyRiUzRSUzQyUyRmElM0UlMEElM0NhJTIwaHJlZiUzRCUyMmh0dHBzJTNBJTJGJTJGd3d3Lm1pY3JvbWVkaWEuZXUlMkZiZW5lbHV4JTJGZW4lMkZyZXR1cm5zJTJGJTIyJTNFJTNDaW1nJTIwc3R5bGUlM0QlMjJkaXNwbGF5JTNBJTIwaW5saW5lLWJsb2NrJTNCJTIyJTIwc3JjJTNEJTIyaHR0cHMlM0ElMkYlMkZ3d3cubWljcm9tZWRpYS5ldSUyRmJlbmVsdXglMkZ3cC1jb250ZW50JTJGcGx1Z2lucyUyRnNpdGVwcmVzcy1tdWx0aWxpbmd1YWwtY21zJTJGcmVzJTJGZmxhZ3MlMkZlbi5wbmclMjIlMjBhbHQlM0QlMjJFTiUyMiUyMCUyRiUzRSUzQyUyRmElM0UlMEElM0NhJTIwaHJlZiUzRCUyMmh0dHBzJTNBJTJGJTJGd3d3Lm1pY3JvbWVkaWEuZXUlMkZiZW5lbHV4JTJGcmV0b3Vycy1mciUyRiUyMiUzRSUzQ2ltZyUyMHN0eWxlJTNEJTIyZGlzcGxheSUzQSUyMGlubGluZS1ibG9jayUzQiUyMiUyMHNyYyUzRCUyMmh0dHBzJTNBJTJGJTJGd3d3Lm1pY3JvbWVkaWEuZXUlMkZiZW5lbHV4JTJGd3AtY29udGVudCUyRnBsdWdpbnMlMkZzaXRlcHJlc3MtbXVsdGlsaW5ndWFsLWNtcyUyRnJlcyUyRmZsYWdzJTJGZnIucG5nJTIyJTIwYWx0JTNEJTIyRlIlMjIlMjAlMkYlM0UlM0MlMkZhJTNF[\/vc_raw_html][\/vc_column][\/vc_row][vc_row][vc_column][vc_column_text css=&#8221;&#8221;]Demandes de retour Les demandes de retour peuvent \u00eatre demand\u00e9es ind\u00e9pendamment de nous via notre formulaire RMA. Cela n&#8217;inclut pas les demandes de r\u00e9paration. Pour plus d&#8217;informations sur les demandes de retour, veuillez consulter nos Guides d&#8217;Assistance et RMA. Vous les trouverez dans Micromedia Online, sous la rubrique\u00a0&#8220;Support documenten&#8221; ou &#8220;Support documents\u201d. Veuillez noter [&hellip;]<\/p>\n","protected":false},"author":16,"featured_media":0,"parent":0,"menu_order":0,"comment_status":"closed","ping_status":"closed","template":"","meta":{"_acf_changed":false,"footnotes":""},"class_list":["post-3999","page","type-page","status-publish","hentry"],"acf":[],"yoast_head":"<!-- This site is optimized with the Yoast SEO plugin v27.3 - https:\/\/yoast.com\/product\/yoast-seo-wordpress\/ -->\n<title>Retours et r\u00e9parations - Micromedia B.V.<\/title>\n<meta name=\"robots\" content=\"index, follow, max-snippet:-1, max-image-preview:large, max-video-preview:-1\" \/>\n<link rel=\"canonical\" href=\"https:\/\/www.micromedia.eu\/benelux\/retours-fr\/\" \/>\n<meta property=\"og:locale\" content=\"nl_NL\" \/>\n<meta property=\"og:type\" content=\"article\" \/>\n<meta property=\"og:title\" content=\"Retours et r\u00e9parations - Micromedia B.V.\" \/>\n<meta property=\"og:description\" content=\"[vc_row][vc_column][vc_raw_html]JTNDYSUyMGhyZWYlM0QlMjJodHRwcyUzQSUyRiUyRnd3dy5taWNyb21lZGlhLmV1JTJGYmVuZWx1eCUyRnJldG91cmVuJTJGJTIyJTNFJTNDaW1nJTIwc3R5bGUlM0QlMjJkaXNwbGF5JTNBJTIwaW5saW5lLWJsb2NrJTNCJTIyJTIwc3JjJTNEJTIyaHR0cHMlM0ElMkYlMkZ3d3cubWljcm9tZWRpYS5ldSUyRmJlbmVsdXglMkZ3cC1jb250ZW50JTJGcGx1Z2lucyUyRnNpdGVwcmVzcy1tdWx0aWxpbmd1YWwtY21zJTJGcmVzJTJGZmxhZ3MlMkZubC5wbmclMjIlMjBhbHQlM0QlMjJOTCUyMiUyMCUyRiUzRSUzQyUyRmElM0UlMEElM0NhJTIwaHJlZiUzRCUyMmh0dHBzJTNBJTJGJTJGd3d3Lm1pY3JvbWVkaWEuZXUlMkZiZW5lbHV4JTJGZW4lMkZyZXR1cm5zJTJGJTIyJTNFJTNDaW1nJTIwc3R5bGUlM0QlMjJkaXNwbGF5JTNBJTIwaW5saW5lLWJsb2NrJTNCJTIyJTIwc3JjJTNEJTIyaHR0cHMlM0ElMkYlMkZ3d3cubWljcm9tZWRpYS5ldSUyRmJlbmVsdXglMkZ3cC1jb250ZW50JTJGcGx1Z2lucyUyRnNpdGVwcmVzcy1tdWx0aWxpbmd1YWwtY21zJTJGcmVzJTJGZmxhZ3MlMkZlbi5wbmclMjIlMjBhbHQlM0QlMjJFTiUyMiUyMCUyRiUzRSUzQyUyRmElM0UlMEElM0NhJTIwaHJlZiUzRCUyMmh0dHBzJTNBJTJGJTJGd3d3Lm1pY3JvbWVkaWEuZXUlMkZiZW5lbHV4JTJGcmV0b3Vycy1mciUyRiUyMiUzRSUzQ2ltZyUyMHN0eWxlJTNEJTIyZGlzcGxheSUzQSUyMGlubGluZS1ibG9jayUzQiUyMiUyMHNyYyUzRCUyMmh0dHBzJTNBJTJGJTJGd3d3Lm1pY3JvbWVkaWEuZXUlMkZiZW5lbHV4JTJGd3AtY29udGVudCUyRnBsdWdpbnMlMkZzaXRlcHJlc3MtbXVsdGlsaW5ndWFsLWNtcyUyRnJlcyUyRmZsYWdzJTJGZnIucG5nJTIyJTIwYWx0JTNEJTIyRlIlMjIlMjAlMkYlM0UlM0MlMkZhJTNF[\/vc_raw_html][\/vc_column][\/vc_row][vc_row][vc_column][vc_column_text css=&#8221;&#8221;]Demandes de retour Les demandes de retour peuvent \u00eatre demand\u00e9es ind\u00e9pendamment de nous via notre formulaire RMA. Cela n&#8217;inclut pas les demandes de r\u00e9paration. Pour plus d&#8217;informations sur les demandes de retour, veuillez consulter nos Guides d&#8217;Assistance et RMA. Vous les trouverez dans Micromedia Online, sous la rubrique\u00a0&#8220;Support documenten&#8221; ou &#8220;Support documents\u201d. Veuillez noter [&hellip;]\" \/>\n<meta property=\"og:url\" content=\"https:\/\/www.micromedia.eu\/benelux\/retours-fr\/\" \/>\n<meta property=\"og:site_name\" content=\"Micromedia B.V.\" \/>\n<meta property=\"article:modified_time\" content=\"2026-03-27T10:39:25+00:00\" \/>\n<meta name=\"twitter:card\" content=\"summary_large_image\" \/>\n<meta name=\"twitter:label1\" content=\"Geschatte leestijd\" \/>\n\t<meta name=\"twitter:data1\" content=\"2 minuten\" \/>\n<script type=\"application\/ld+json\" class=\"yoast-schema-graph\">{\"@context\":\"https:\\\/\\\/schema.org\",\"@graph\":[{\"@type\":\"WebPage\",\"@id\":\"https:\\\/\\\/www.micromedia.eu\\\/benelux\\\/retours-fr\\\/\",\"url\":\"https:\\\/\\\/www.micromedia.eu\\\/benelux\\\/retours-fr\\\/\",\"name\":\"Retours et r\u00e9parations - Micromedia B.V.\",\"isPartOf\":{\"@id\":\"https:\\\/\\\/www.micromedia.eu\\\/benelux\\\/#website\"},\"datePublished\":\"2023-05-12T08:47:33+00:00\",\"dateModified\":\"2026-03-27T10:39:25+00:00\",\"breadcrumb\":{\"@id\":\"https:\\\/\\\/www.micromedia.eu\\\/benelux\\\/retours-fr\\\/#breadcrumb\"},\"inLanguage\":\"nl-NL\",\"potentialAction\":[{\"@type\":\"ReadAction\",\"target\":[\"https:\\\/\\\/www.micromedia.eu\\\/benelux\\\/retours-fr\\\/\"]}]},{\"@type\":\"BreadcrumbList\",\"@id\":\"https:\\\/\\\/www.micromedia.eu\\\/benelux\\\/retours-fr\\\/#breadcrumb\",\"itemListElement\":[{\"@type\":\"ListItem\",\"position\":1,\"name\":\"Home\",\"item\":\"https:\\\/\\\/www.micromedia.eu\\\/benelux\\\/\"},{\"@type\":\"ListItem\",\"position\":2,\"name\":\"Retours et r\u00e9parations\"}]},{\"@type\":\"WebSite\",\"@id\":\"https:\\\/\\\/www.micromedia.eu\\\/benelux\\\/#website\",\"url\":\"https:\\\/\\\/www.micromedia.eu\\\/benelux\\\/\",\"name\":\"Micromedia B.V.\",\"description\":\"\",\"publisher\":{\"@id\":\"https:\\\/\\\/www.micromedia.eu\\\/benelux\\\/#organization\"},\"potentialAction\":[{\"@type\":\"SearchAction\",\"target\":{\"@type\":\"EntryPoint\",\"urlTemplate\":\"https:\\\/\\\/www.micromedia.eu\\\/benelux\\\/?s={search_term_string}\"},\"query-input\":{\"@type\":\"PropertyValueSpecification\",\"valueRequired\":true,\"valueName\":\"search_term_string\"}}],\"inLanguage\":\"nl-NL\"},{\"@type\":\"Organization\",\"@id\":\"https:\\\/\\\/www.micromedia.eu\\\/benelux\\\/#organization\",\"name\":\"Micromedia Distributieservice\",\"url\":\"https:\\\/\\\/www.micromedia.eu\\\/benelux\\\/\",\"logo\":{\"@type\":\"ImageObject\",\"inLanguage\":\"nl-NL\",\"@id\":\"https:\\\/\\\/www.micromedia.eu\\\/benelux\\\/#\\\/schema\\\/logo\\\/image\\\/\",\"url\":\"https:\\\/\\\/www.micromedia.eu\\\/benelux\\\/wp-content\\\/uploads\\\/sites\\\/9\\\/2019\\\/05\\\/MicromediaLogo.jpg\",\"contentUrl\":\"https:\\\/\\\/www.micromedia.eu\\\/benelux\\\/wp-content\\\/uploads\\\/sites\\\/9\\\/2019\\\/05\\\/MicromediaLogo.jpg\",\"width\":500,\"height\":408,\"caption\":\"Micromedia Distributieservice\"},\"image\":{\"@id\":\"https:\\\/\\\/www.micromedia.eu\\\/benelux\\\/#\\\/schema\\\/logo\\\/image\\\/\"}}]}<\/script>\n<!-- \/ Yoast SEO plugin. -->","yoast_head_json":{"title":"Retours et r\u00e9parations - Micromedia B.V.","robots":{"index":"index","follow":"follow","max-snippet":"max-snippet:-1","max-image-preview":"max-image-preview:large","max-video-preview":"max-video-preview:-1"},"canonical":"https:\/\/www.micromedia.eu\/benelux\/retours-fr\/","og_locale":"nl_NL","og_type":"article","og_title":"Retours et r\u00e9parations - Micromedia B.V.","og_description":"[vc_row][vc_column][vc_raw_html]JTNDYSUyMGhyZWYlM0QlMjJodHRwcyUzQSUyRiUyRnd3dy5taWNyb21lZGlhLmV1JTJGYmVuZWx1eCUyRnJldG91cmVuJTJGJTIyJTNFJTNDaW1nJTIwc3R5bGUlM0QlMjJkaXNwbGF5JTNBJTIwaW5saW5lLWJsb2NrJTNCJTIyJTIwc3JjJTNEJTIyaHR0cHMlM0ElMkYlMkZ3d3cubWljcm9tZWRpYS5ldSUyRmJlbmVsdXglMkZ3cC1jb250ZW50JTJGcGx1Z2lucyUyRnNpdGVwcmVzcy1tdWx0aWxpbmd1YWwtY21zJTJGcmVzJTJGZmxhZ3MlMkZubC5wbmclMjIlMjBhbHQlM0QlMjJOTCUyMiUyMCUyRiUzRSUzQyUyRmElM0UlMEElM0NhJTIwaHJlZiUzRCUyMmh0dHBzJTNBJTJGJTJGd3d3Lm1pY3JvbWVkaWEuZXUlMkZiZW5lbHV4JTJGZW4lMkZyZXR1cm5zJTJGJTIyJTNFJTNDaW1nJTIwc3R5bGUlM0QlMjJkaXNwbGF5JTNBJTIwaW5saW5lLWJsb2NrJTNCJTIyJTIwc3JjJTNEJTIyaHR0cHMlM0ElMkYlMkZ3d3cubWljcm9tZWRpYS5ldSUyRmJlbmVsdXglMkZ3cC1jb250ZW50JTJGcGx1Z2lucyUyRnNpdGVwcmVzcy1tdWx0aWxpbmd1YWwtY21zJTJGcmVzJTJGZmxhZ3MlMkZlbi5wbmclMjIlMjBhbHQlM0QlMjJFTiUyMiUyMCUyRiUzRSUzQyUyRmElM0UlMEElM0NhJTIwaHJlZiUzRCUyMmh0dHBzJTNBJTJGJTJGd3d3Lm1pY3JvbWVkaWEuZXUlMkZiZW5lbHV4JTJGcmV0b3Vycy1mciUyRiUyMiUzRSUzQ2ltZyUyMHN0eWxlJTNEJTIyZGlzcGxheSUzQSUyMGlubGluZS1ibG9jayUzQiUyMiUyMHNyYyUzRCUyMmh0dHBzJTNBJTJGJTJGd3d3Lm1pY3JvbWVkaWEuZXUlMkZiZW5lbHV4JTJGd3AtY29udGVudCUyRnBsdWdpbnMlMkZzaXRlcHJlc3MtbXVsdGlsaW5ndWFsLWNtcyUyRnJlcyUyRmZsYWdzJTJGZnIucG5nJTIyJTIwYWx0JTNEJTIyRlIlMjIlMjAlMkYlM0UlM0MlMkZhJTNF[\/vc_raw_html][\/vc_column][\/vc_row][vc_row][vc_column][vc_column_text css=&#8221;&#8221;]Demandes de retour Les demandes de retour peuvent \u00eatre demand\u00e9es ind\u00e9pendamment de nous via notre formulaire RMA. Cela n&#8217;inclut pas les demandes de r\u00e9paration. Pour plus d&#8217;informations sur les demandes de retour, veuillez consulter nos Guides d&#8217;Assistance et RMA. Vous les trouverez dans Micromedia Online, sous la rubrique\u00a0&#8220;Support documenten&#8221; ou &#8220;Support documents\u201d. Veuillez noter [&hellip;]","og_url":"https:\/\/www.micromedia.eu\/benelux\/retours-fr\/","og_site_name":"Micromedia B.V.","article_modified_time":"2026-03-27T10:39:25+00:00","twitter_card":"summary_large_image","twitter_misc":{"Geschatte leestijd":"2 minuten"},"schema":{"@context":"https:\/\/schema.org","@graph":[{"@type":"WebPage","@id":"https:\/\/www.micromedia.eu\/benelux\/retours-fr\/","url":"https:\/\/www.micromedia.eu\/benelux\/retours-fr\/","name":"Retours et r\u00e9parations - Micromedia B.V.","isPartOf":{"@id":"https:\/\/www.micromedia.eu\/benelux\/#website"},"datePublished":"2023-05-12T08:47:33+00:00","dateModified":"2026-03-27T10:39:25+00:00","breadcrumb":{"@id":"https:\/\/www.micromedia.eu\/benelux\/retours-fr\/#breadcrumb"},"inLanguage":"nl-NL","potentialAction":[{"@type":"ReadAction","target":["https:\/\/www.micromedia.eu\/benelux\/retours-fr\/"]}]},{"@type":"BreadcrumbList","@id":"https:\/\/www.micromedia.eu\/benelux\/retours-fr\/#breadcrumb","itemListElement":[{"@type":"ListItem","position":1,"name":"Home","item":"https:\/\/www.micromedia.eu\/benelux\/"},{"@type":"ListItem","position":2,"name":"Retours et r\u00e9parations"}]},{"@type":"WebSite","@id":"https:\/\/www.micromedia.eu\/benelux\/#website","url":"https:\/\/www.micromedia.eu\/benelux\/","name":"Micromedia B.V.","description":"","publisher":{"@id":"https:\/\/www.micromedia.eu\/benelux\/#organization"},"potentialAction":[{"@type":"SearchAction","target":{"@type":"EntryPoint","urlTemplate":"https:\/\/www.micromedia.eu\/benelux\/?s={search_term_string}"},"query-input":{"@type":"PropertyValueSpecification","valueRequired":true,"valueName":"search_term_string"}}],"inLanguage":"nl-NL"},{"@type":"Organization","@id":"https:\/\/www.micromedia.eu\/benelux\/#organization","name":"Micromedia Distributieservice","url":"https:\/\/www.micromedia.eu\/benelux\/","logo":{"@type":"ImageObject","inLanguage":"nl-NL","@id":"https:\/\/www.micromedia.eu\/benelux\/#\/schema\/logo\/image\/","url":"https:\/\/www.micromedia.eu\/benelux\/wp-content\/uploads\/sites\/9\/2019\/05\/MicromediaLogo.jpg","contentUrl":"https:\/\/www.micromedia.eu\/benelux\/wp-content\/uploads\/sites\/9\/2019\/05\/MicromediaLogo.jpg","width":500,"height":408,"caption":"Micromedia Distributieservice"},"image":{"@id":"https:\/\/www.micromedia.eu\/benelux\/#\/schema\/logo\/image\/"}}]}},"_links":{"self":[{"href":"https:\/\/www.micromedia.eu\/benelux\/wp-json\/wp\/v2\/pages\/3999","targetHints":{"allow":["GET"]}}],"collection":[{"href":"https:\/\/www.micromedia.eu\/benelux\/wp-json\/wp\/v2\/pages"}],"about":[{"href":"https:\/\/www.micromedia.eu\/benelux\/wp-json\/wp\/v2\/types\/page"}],"author":[{"embeddable":true,"href":"https:\/\/www.micromedia.eu\/benelux\/wp-json\/wp\/v2\/users\/16"}],"replies":[{"embeddable":true,"href":"https:\/\/www.micromedia.eu\/benelux\/wp-json\/wp\/v2\/comments?post=3999"}],"version-history":[{"count":25,"href":"https:\/\/www.micromedia.eu\/benelux\/wp-json\/wp\/v2\/pages\/3999\/revisions"}],"predecessor-version":[{"id":5111,"href":"https:\/\/www.micromedia.eu\/benelux\/wp-json\/wp\/v2\/pages\/3999\/revisions\/5111"}],"wp:attachment":[{"href":"https:\/\/www.micromedia.eu\/benelux\/wp-json\/wp\/v2\/media?parent=3999"}],"curies":[{"name":"wp","href":"https:\/\/api.w.org\/{rel}","templated":true}]}}